{"id":18,"date":"2017-10-05T13:10:44","date_gmt":"2017-10-05T11:10:44","guid":{"rendered":"http:\/\/zakladangiologii.umed.pl\/?page_id=18"},"modified":"2023-05-19T13:41:32","modified_gmt":"2023-05-19T11:41:32","slug":"dzialalnosc-dydaktyczna","status":"publish","type":"page","link":"https:\/\/zakladangiologii.umed.pl\/index.php\/dzialalnosc-dydaktyczna\/","title":{"rendered":"Dzia\u0142alno\u015b\u0107 dydaktyczna"},"content":{"rendered":"\n<p>Strona w przygotowaniu.<\/p>\n","protected":false},"excerpt":{"rendered":"<p>Strona w przygotowaniu.<\/p>\n","protected":false},"author":2,"featured_media":0,"parent":0,"menu_order":0,"comment_status":"closed","ping_status":"closed","template":"","meta":{"footnotes":""},"class_list":["post-18","page","type-page","status-publish","hentry"],"_links":{"self":[{"href":"https:\/\/zakladangiologii.umed.pl\/index.php\/wp-json\/wp\/v2\/pages\/18","targetHints":{"allow":["GET"]}}],"collection":[{"href":"https:\/\/zakladangiologii.umed.pl\/index.php\/wp-json\/wp\/v2\/pages"}],"about":[{"href":"https:\/\/zakladangiologii.umed.pl\/index.php\/wp-json\/wp\/v2\/types\/page"}],"author":[{"embeddable":true,"href":"https:\/\/zakladangiologii.umed.pl\/index.php\/wp-json\/wp\/v2\/users\/2"}],"replies":[{"embeddable":true,"href":"https:\/\/zakladangiologii.umed.pl\/index.php\/wp-json\/wp\/v2\/comments?post=18"}],"version-history":[{"count":2,"href":"https:\/\/zakladangiologii.umed.pl\/index.php\/wp-json\/wp\/v2\/pages\/18\/revisions"}],"predecessor-version":[{"id":269,"href":"https:\/\/zakladangiologii.umed.pl\/index.php\/wp-json\/wp\/v2\/pages\/18\/revisions\/269"}],"wp:attachment":[{"href":"https:\/\/zakladangiologii.umed.pl\/index.php\/wp-json\/wp\/v2\/media?parent=18"}],"curies":[{"name":"wp","href":"https:\/\/api.w.org\/{rel}","templated":true}]}}