{"id":31,"date":"2017-10-05T13:13:16","date_gmt":"2017-10-05T11:13:16","guid":{"rendered":"http:\/\/zakladangiologii.umed.pl\/?page_id=31"},"modified":"2023-05-19T13:42:19","modified_gmt":"2023-05-19T11:42:19","slug":"kontakt","status":"publish","type":"page","link":"https:\/\/zakladangiologii.umed.pl\/index.php\/kontakt\/","title":{"rendered":"Kontakt"},"content":{"rendered":"\n<h2 class=\"wp-block-heading has-text-align-center\">Prof. dr hab. n.med. Miros\u0142aw Topol<\/h2>\n\n\n\n<p class=\"has-text-align-center\"><strong>Kierownik Zak\u0142adu Angiologii<\/strong><\/p>\n\n\n\n<p class=\"has-text-align-center\">Mi\u0119dzywydzia\u0142owa Katedra Anatomii i Histologii<\/p>\n\n\n\n<p class=\"has-text-align-center\">Uniwersytet Medyczny w \u0141odzi<\/p>\n\n\n\n<h2 class=\"wp-block-heading has-text-align-center\">miroslaw.topol@umed.lodz.pl<\/h2>\n\n\n\n<hr class=\"wp-block-separator has-alpha-channel-opacity\"\/>\n\n\n\n<h2 class=\"wp-block-heading has-text-align-center\">Prof. Miros\u0142aw Topol, M.D., Ph.D.<\/h2>\n\n\n\n<p class=\"has-text-align-center\"><strong>Head of Department of Angiology<\/strong><\/p>\n\n\n\n<p class=\"has-text-align-center\">Interfaculty Chair of Anatomy and Histology<\/p>\n\n\n\n<p class=\"has-text-align-center\">Medical University of \u0141\u00f3d\u017a, Poland<\/p>\n\n\n\n<h2 class=\"wp-block-heading has-text-align-center\">miroslaw.topol@umed.lodz.pl<\/h2>\n","protected":false},"excerpt":{"rendered":"<p>Prof. dr hab. n.med. Miros\u0142aw Topol Kierownik Zak\u0142adu Angiologii Mi\u0119dzywydzia\u0142owa Katedra Anatomii i Histologii Uniwersytet Medyczny w \u0141odzi miroslaw.topol@umed.lodz.pl Prof. [&hellip;]<\/p>\n","protected":false},"author":2,"featured_media":0,"parent":0,"menu_order":0,"comment_status":"closed","ping_status":"closed","template":"","meta":{"footnotes":""},"class_list":["post-31","page","type-page","status-publish","hentry"],"_links":{"self":[{"href":"https:\/\/zakladangiologii.umed.pl\/index.php\/wp-json\/wp\/v2\/pages\/31","targetHints":{"allow":["GET"]}}],"collection":[{"href":"https:\/\/zakladangiologii.umed.pl\/index.php\/wp-json\/wp\/v2\/pages"}],"about":[{"href":"https:\/\/zakladangiologii.umed.pl\/index.php\/wp-json\/wp\/v2\/types\/page"}],"author":[{"embeddable":true,"href":"https:\/\/zakladangiologii.umed.pl\/index.php\/wp-json\/wp\/v2\/users\/2"}],"replies":[{"embeddable":true,"href":"https:\/\/zakladangiologii.umed.pl\/index.php\/wp-json\/wp\/v2\/comments?post=31"}],"version-history":[{"count":14,"href":"https:\/\/zakladangiologii.umed.pl\/index.php\/wp-json\/wp\/v2\/pages\/31\/revisions"}],"predecessor-version":[{"id":272,"href":"https:\/\/zakladangiologii.umed.pl\/index.php\/wp-json\/wp\/v2\/pages\/31\/revisions\/272"}],"wp:attachment":[{"href":"https:\/\/zakladangiologii.umed.pl\/index.php\/wp-json\/wp\/v2\/media?parent=31"}],"curies":[{"name":"wp","href":"https:\/\/api.w.org\/{rel}","templated":true}]}}